{"id":1873,"date":"2023-05-03T06:22:56","date_gmt":"2023-05-03T11:22:56","guid":{"rendered":"https:\/\/fruittal.com\/?page_id=1873"},"modified":"2023-10-03T18:26:49","modified_gmt":"2023-10-03T23:26:49","slug":"export-success","status":"publish","type":"page","link":"https:\/\/fruittal.com\/es\/export-success\/","title":{"rendered":"\u00c9xito de Exportaci\u00f3n"},"content":{"rendered":"<p>[et_pb_section fb_built=&#8221;1&#8243; theme_builder_area=&#8221;post_content&#8221; _builder_version=&#8221;4.19.4&#8243; _module_preset=&#8221;default&#8221; da_is_popup=&#8221;off&#8221; da_exit_intent=&#8221;off&#8221; da_has_close=&#8221;on&#8221; da_alt_close=&#8221;off&#8221; da_dark_close=&#8221;off&#8221; da_not_modal=&#8221;on&#8221; da_is_singular=&#8221;off&#8221; da_with_loader=&#8221;off&#8221; da_has_shadow=&#8221;on&#8221; da_disable_devices=&#8221;off|off|off&#8221;][et_pb_row _builder_version=&#8221;4.19.4&#8243; _module_preset=&#8221;default&#8221; theme_builder_area=&#8221;post_content&#8221; column_structure=&#8221;2_3,1_3&#8243;][et_pb_column _builder_version=&#8221;4.19.4&#8243; _module_preset=&#8221;default&#8221; type=&#8221;2_3&#8243; theme_builder_area=&#8221;post_content&#8221;][et_pb_text _builder_version=&#8221;4.19.4&#8243; _module_preset=&#8221;default&#8221; theme_builder_area=&#8221;post_content&#8221; hover_enabled=&#8221;0&#8243; sticky_enabled=&#8221;0&#8243; header_font_size=&#8221;50px&#8221; text_text_color=&#8221;#000000&#8243;]<\/p>\n<p><span>The U.S. Commercial Service Houston has played a significant role in our success as we expand our market reach beyond borders. Their unwavering support has enabled us to offer our premium avocado oil to global buyers with confidence. We express our deep appreciation for their invaluable help.<\/span><\/p>\n<p>[\/et_pb_text][\/et_pb_column][et_pb_column _builder_version=&#8221;4.19.4&#8243; _module_preset=&#8221;default&#8221; type=&#8221;1_3&#8243; theme_builder_area=&#8221;post_content&#8221;][et_pb_image src=&#8221;<a href=\"https:\/\/fruittal.com\/wp-content\/uploads\/2023\/05\/logo-1-1.png&#038;#8221\">https:\/\/fruittal.com\/wp-content\/uploads\/2023\/05\/logo-1-1.png&#038;#8221<\/a>; _builder_version=&#8221;4.19.4&#8243; _module_preset=&#8221;default&#8221; theme_builder_area=&#8221;post_content&#8221; title_text=&#8221;logo (1) (1)&#8221; hover_enabled=&#8221;0&#8243; sticky_enabled=&#8221;0&#8243; url=&#8221;<a href=\"https:\/\/www.trade.gov\/ecommerce-successes&#8221;%5D%5B\/et_pb_image%5D%5B\/et_pb_column%5D%5B\/et_pb_row%5D%5B\/et_pb_section%5D\" rel=\"nofollow\">https:\/\/www.trade.gov\/ecommerce-successes&#8221;%5D%5B\/et_pb_image%5D%5B\/et_pb_column%5D%5B\/et_pb_row%5D%5B\/et_pb_section%5D<\/a><\/p>\n","protected":false},"excerpt":{"rendered":"<p>El Servicio Comercial de EE.UU. en Houston ha desempe\u00f1ado un papel importante en nuestro \u00e9xito a medida que ampliamos nuestro alcance de mercado m\u00e1s all\u00e1 de las fronteras. Su inquebrantable apoyo nos ha permitido ofrecer con confianza nuestro aceite de aguacate de primera calidad a compradores de todo el mundo. Expresamos nuestro profundo agradecimiento por su inestimable ayuda.<\/p>","protected":false},"author":4,"featured_media":0,"parent":0,"menu_order":0,"comment_status":"closed","ping_status":"closed","template":"","meta":{"_et_pb_use_builder":"on","_et_pb_old_content":"","_et_gb_content_width":"","_crdt_document":"","cybocfi_hide_featured_image":"","footnotes":""},"class_list":["post-1873","page","type-page","status-publish","hentry"],"yoast_head":"<!-- This site is optimized with the Yoast SEO Premium plugin v20.0 (Yoast SEO v27.2) - https:\/\/yoast.com\/product\/yoast-seo-premium-wordpress\/ -->\n<title>Export Success - Fruittal.com<\/title>\n<meta name=\"robots\" content=\"index, follow, max-snippet:-1, max-image-preview:large, max-video-preview:-1\" \/>\n<link rel=\"canonical\" href=\"https:\/\/fruittal.com\/es\/export-success\/\" \/>\n<meta property=\"og:locale\" content=\"es_ES\" \/>\n<meta property=\"og:type\" content=\"article\" \/>\n<meta property=\"og:title\" content=\"Export Success\" \/>\n<meta property=\"og:description\" content=\"The U.S. Commercial Service Houston has played a significant role in our success as we expand our market reach beyond borders. Their unwavering support has enabled us to offer our premium avocado oil to global buyers with confidence. We express our deep appreciation for their invaluable help.\" \/>\n<meta property=\"og:url\" content=\"https:\/\/fruittal.com\/es\/export-success\/\" \/>\n<meta property=\"og:site_name\" content=\"Fruittal.com\" \/>\n<meta property=\"article:modified_time\" content=\"2023-10-03T23:26:49+00:00\" \/>\n<meta name=\"twitter:card\" content=\"summary_large_image\" \/>\n<!-- \/ Yoast SEO Premium plugin. -->","yoast_head_json":{"title":"Export Success - Fruittal.com","robots":{"index":"index","follow":"follow","max-snippet":"max-snippet:-1","max-image-preview":"max-image-preview:large","max-video-preview":"max-video-preview:-1"},"canonical":"https:\/\/fruittal.com\/es\/export-success\/","og_locale":"es_ES","og_type":"article","og_title":"Export Success","og_description":"The U.S. Commercial Service Houston has played a significant role in our success as we expand our market reach beyond borders. Their unwavering support has enabled us to offer our premium avocado oil to global buyers with confidence. We express our deep appreciation for their invaluable help.","og_url":"https:\/\/fruittal.com\/es\/export-success\/","og_site_name":"Fruittal.com","article_modified_time":"2023-10-03T23:26:49+00:00","twitter_card":"summary_large_image","schema":{"@context":"https:\/\/schema.org","@graph":[{"@type":"WebPage","@id":"https:\/\/fruittal.com\/export-success\/","url":"https:\/\/fruittal.com\/export-success\/","name":"Export Success - Fruittal.com","isPartOf":{"@id":"https:\/\/fruittal.com\/ru\/#website"},"datePublished":"2023-05-03T11:22:56+00:00","dateModified":"2023-10-03T23:26:49+00:00","breadcrumb":{"@id":"https:\/\/fruittal.com\/export-success\/#breadcrumb"},"inLanguage":"es","potentialAction":[{"@type":"ReadAction","target":["https:\/\/fruittal.com\/export-success\/"]}]},{"@type":"BreadcrumbList","@id":"https:\/\/fruittal.com\/export-success\/#breadcrumb","itemListElement":[{"@type":"ListItem","position":1,"name":"Home","item":"https:\/\/fruittal.com\/"},{"@type":"ListItem","position":2,"name":"Export Success"}]},{"@type":"WebSite","@id":"https:\/\/fruittal.com\/ru\/#website","url":"https:\/\/fruittal.com\/ru\/","name":"Fruittal.com","description":"Pure Avocado Oil Made in The USA","publisher":{"@id":"https:\/\/fruittal.com\/ru\/#organization"},"potentialAction":[{"@type":"SearchAction","target":{"@type":"EntryPoint","urlTemplate":"https:\/\/fruittal.com\/ru\/?s={search_term_string}"},"query-input":{"@type":"PropertyValueSpecification","valueRequired":true,"valueName":"search_term_string"}}],"inLanguage":"es"},{"@type":"Organization","@id":"https:\/\/fruittal.com\/ru\/#organization","name":"Fruittal.com","url":"https:\/\/fruittal.com\/ru\/","logo":{"@type":"ImageObject","inLanguage":"es","@id":"https:\/\/fruittal.com\/ru\/#\/schema\/logo\/image\/","url":"https:\/\/fruittal.com\/wp-content\/uploads\/2022\/10\/Fruittal_Logo.jpg","contentUrl":"https:\/\/fruittal.com\/wp-content\/uploads\/2022\/10\/Fruittal_Logo.jpg","width":421,"height":353,"caption":"Fruittal.com"},"image":{"@id":"https:\/\/fruittal.com\/ru\/#\/schema\/logo\/image\/"}}]}},"jetpack_sharing_enabled":true,"jetpack_shortlink":"https:\/\/wp.me\/Ph6l3J-ud","_links":{"self":[{"href":"https:\/\/fruittal.com\/es\/wp-json\/wp\/v2\/pages\/1873","targetHints":{"allow":["GET"]}}],"collection":[{"href":"https:\/\/fruittal.com\/es\/wp-json\/wp\/v2\/pages"}],"about":[{"href":"https:\/\/fruittal.com\/es\/wp-json\/wp\/v2\/types\/page"}],"author":[{"embeddable":true,"href":"https:\/\/fruittal.com\/es\/wp-json\/wp\/v2\/users\/4"}],"replies":[{"embeddable":true,"href":"https:\/\/fruittal.com\/es\/wp-json\/wp\/v2\/comments?post=1873"}],"version-history":[{"count":2,"href":"https:\/\/fruittal.com\/es\/wp-json\/wp\/v2\/pages\/1873\/revisions"}],"predecessor-version":[{"id":1876,"href":"https:\/\/fruittal.com\/es\/wp-json\/wp\/v2\/pages\/1873\/revisions\/1876"}],"wp:attachment":[{"href":"https:\/\/fruittal.com\/es\/wp-json\/wp\/v2\/media?parent=1873"}],"curies":[{"name":"wp","href":"https:\/\/api.w.org\/{rel}","templated":true}]}}